{"id":339,"date":"2025-01-06T14:51:14","date_gmt":"2025-01-06T13:51:14","guid":{"rendered":"https:\/\/www.focus-peaking.com\/?page_id=339"},"modified":"2025-03-04T09:28:01","modified_gmt":"2025-03-04T08:28:01","slug":"creations-cinema","status":"publish","type":"page","link":"https:\/\/www.focus-peaking.com\/?page_id=339","title":{"rendered":"Cr\u00e9ations Cin\u00e9ma"},"content":{"rendered":"\n<div class=\"wp-block-cover alignfull\"><span aria-hidden=\"true\" class=\"wp-block-cover__background has-background-dim\" style=\"background-color:#004cc6\"><\/span><img loading=\"lazy\" decoding=\"async\" width=\"960\" height=\"637\" class=\"wp-block-cover__image-background wp-image-154\" alt=\"\" src=\"http:\/\/www.focus-peaking.com\/wp-content\/uploads\/2024\/10\/2.jpg\" style=\"object-position:49% 50%\" data-object-fit=\"cover\" data-object-position=\"49% 50%\" srcset=\"https:\/\/www.focus-peaking.com\/wp-content\/uploads\/2024\/10\/2.jpg 960w, https:\/\/www.focus-peaking.com\/wp-content\/uploads\/2024\/10\/2-300x199.jpg 300w, https:\/\/www.focus-peaking.com\/wp-content\/uploads\/2024\/10\/2-768x510.jpg 768w\" sizes=\"auto, (max-width: 960px) 100vw, 960px\" \/><div class=\"wp-block-cover__inner-container has-global-padding is-layout-constrained wp-container-core-cover-is-layout-c8431ee3 wp-block-cover-is-layout-constrained\">\n<p class=\"has-text-align-center has-ti-bg-alt-color has-text-color has-link-color has-lora-font-family wp-elements-2408effbbd7b1d84266f92c8c22df23b\" style=\"font-size:59px\"><strong>NOS CR\u00c9ATIONS CIN\u00c9MA<\/strong><\/p>\n\n\n\n<p class=\"has-text-align-center\" style=\"font-size:26px\">D\u00e9couvrez nos films en acc\u00e8s gratuit sur notre cha\u00eene YouTube<\/p>\n<\/div><\/div>\n\n\n\n<div class=\"wp-block-group alignfull has-background is-layout-flow wp-block-group-is-layout-flow\" style=\"background-color:#004cc6;padding-top:2vw;padding-right:6vw;padding-bottom:2vw;padding-left:6vw\">\n<div class=\"wp-block-group alignfull has-ti-fg-alt-background-color has-background is-layout-flow wp-block-group-is-layout-flow\">\n<div class=\"wp-block-columns alignwide is-layout-flex wp-container-core-columns-is-layout-28f84493 wp-block-columns-is-layout-flex\">\n<div class=\"wp-block-column is-layout-flow wp-block-column-is-layout-flow\">\n<figure class=\"wp-block-image aligncenter size-large is-resized\" style=\"margin-top:0;margin-bottom:0\"><img loading=\"lazy\" decoding=\"async\" width=\"724\" height=\"1024\" src=\"http:\/\/www.focus-peaking.com\/wp-content\/uploads\/2025\/01\/IME-724x1024.jpg\" alt=\"\" class=\"wp-image-366\" style=\"width:468px;height:auto\" srcset=\"https:\/\/www.focus-peaking.com\/wp-content\/uploads\/2025\/01\/IME-724x1024.jpg 724w, https:\/\/www.focus-peaking.com\/wp-content\/uploads\/2025\/01\/IME-212x300.jpg 212w, https:\/\/www.focus-peaking.com\/wp-content\/uploads\/2025\/01\/IME-768x1086.jpg 768w, https:\/\/www.focus-peaking.com\/wp-content\/uploads\/2025\/01\/IME-1086x1536.jpg 1086w, https:\/\/www.focus-peaking.com\/wp-content\/uploads\/2025\/01\/IME-1448x2048.jpg 1448w, https:\/\/www.focus-peaking.com\/wp-content\/uploads\/2025\/01\/IME.jpg 1587w\" sizes=\"auto, (max-width: 724px) 100vw, 724px\" \/><\/figure>\n<\/div>\n\n\n\n<div class=\"wp-block-column is-vertically-aligned-center is-layout-flow wp-block-column-is-layout-flow\">\n<figure class=\"wp-block-embed is-type-video is-provider-youtube wp-block-embed-youtube wp-embed-aspect-16-9 wp-has-aspect-ratio\"><div class=\"wp-block-embed__wrapper\">\n<iframe loading=\"lazy\" title=\"IME, \u00e0 la rencontre de la singularit\u00e9 - Cr\u00e9ation Court-M\u00e9trage Documentaire -\" width=\"500\" height=\"281\" src=\"https:\/\/www.youtube.com\/embed\/74WJyADshAg?feature=oembed\" frameborder=\"0\" allow=\"accelerometer; autoplay; clipboard-write; encrypted-media; gyroscope; picture-in-picture; web-share\" referrerpolicy=\"strict-origin-when-cross-origin\" allowfullscreen><\/iframe>\n<\/div><\/figure>\n\n\n\n<p class=\"has-text-align-center has-ti-bg-inv-color has-text-color has-link-color has-body-font-family wp-elements-43de0f83235786786e96e195635965cc\" style=\"border-width:2px\"><strong>Un film r\u00e9alis\u00e9 par Romain Polak<\/strong><\/p>\n\n\n\n<p class=\"has-text-align-center has-ti-bg-inv-color has-text-color has-link-color wp-elements-311cba66f2dee389e3a196e444ffef99\" style=\"padding-top:0;padding-bottom:0;font-size:15px\"><strong>Op\u00e9rateurs cam\u00e9ra : Romain Polak et Doiran Levray Lumi\u00e8re : Romain Polak et Doiran Levray Son : Romain Polak et Doiran Levray Remerciements particuliers \u00e0 Sandrine Chevreau, directrice de l&rsquo;IME La Tombelle de Saint-Quentin et tout le personnel, \u00e0 l&rsquo;ACAP, P\u00f4le R\u00e9gional Image.<\/strong><\/p>\n<\/div>\n<\/div>\n<\/div>\n\n\n\n<div class=\"wp-block-group alignfull has-ti-fg-alt-background-color has-background is-layout-flow wp-block-group-is-layout-flow\">\n<div class=\"wp-block-columns alignwide is-layout-flex wp-container-core-columns-is-layout-28f84493 wp-block-columns-is-layout-flex\">\n<div class=\"wp-block-column is-layout-flow wp-block-column-is-layout-flow\">\n<figure class=\"wp-block-image aligncenter size-large is-resized\" style=\"margin-top:0;margin-bottom:0\"><img loading=\"lazy\" decoding=\"async\" width=\"724\" height=\"1024\" src=\"http:\/\/www.focus-peaking.com\/wp-content\/uploads\/2025\/01\/Affiche-Focus-Peaking-724x1024.jpg\" alt=\"\" class=\"wp-image-337\" style=\"width:468px;height:auto\" srcset=\"https:\/\/www.focus-peaking.com\/wp-content\/uploads\/2025\/01\/Affiche-Focus-Peaking-724x1024.jpg 724w, https:\/\/www.focus-peaking.com\/wp-content\/uploads\/2025\/01\/Affiche-Focus-Peaking-212x300.jpg 212w, https:\/\/www.focus-peaking.com\/wp-content\/uploads\/2025\/01\/Affiche-Focus-Peaking-768x1086.jpg 768w, https:\/\/www.focus-peaking.com\/wp-content\/uploads\/2025\/01\/Affiche-Focus-Peaking-1086x1536.jpg 1086w, https:\/\/www.focus-peaking.com\/wp-content\/uploads\/2025\/01\/Affiche-Focus-Peaking-1448x2048.jpg 1448w, https:\/\/www.focus-peaking.com\/wp-content\/uploads\/2025\/01\/Affiche-Focus-Peaking.jpg 1587w\" sizes=\"auto, (max-width: 724px) 100vw, 724px\" \/><\/figure>\n<\/div>\n\n\n\n<div class=\"wp-block-column is-vertically-aligned-center is-layout-flow wp-block-column-is-layout-flow\">\n<figure class=\"wp-block-embed is-type-video is-provider-youtube wp-block-embed-youtube wp-embed-aspect-16-9 wp-has-aspect-ratio\"><div class=\"wp-block-embed__wrapper\">\n<iframe loading=\"lazy\" title=\"Patient \u00e9toile - Cr\u00e9ation Court-M\u00e9trage Fiction\" width=\"500\" height=\"281\" src=\"https:\/\/www.youtube.com\/embed\/A78eVsFHexA?feature=oembed\" frameborder=\"0\" allow=\"accelerometer; autoplay; clipboard-write; encrypted-media; gyroscope; picture-in-picture; web-share\" referrerpolicy=\"strict-origin-when-cross-origin\" allowfullscreen><\/iframe>\n<\/div><\/figure>\n\n\n\n<p class=\"has-text-align-center has-ti-bg-inv-color has-text-color has-link-color has-body-font-family wp-elements-44560d39b4d9119b1efe7e18f4ea1317\" style=\"border-width:2px\"><strong>Un film r\u00e9alis\u00e9 par Dorian Levray <\/strong><\/p>\n\n\n\n<p class=\"has-text-align-center has-ti-bg-inv-color has-text-color has-link-color wp-elements-ac327988c77c6939e7ce91de95b458af\" style=\"padding-top:0;padding-bottom:0\"><strong>Avec Victor Baudry, L\u00e9a Dosbaa, Dana Harduin, Corentine Dubois <\/strong><\/p>\n\n\n\n<p class=\"has-text-align-center has-ti-bg-inv-color has-text-color has-link-color wp-elements-53d220abe7b311bbd9e970ebd4abb4b4\" style=\"font-size:15px\"><strong>Chef Op\u00e9rateur Axell Luquet &#8211; Ing\u00e9nieur Son Dorian Levray &#8211;  Habillage Maquillage Costume Corentine Dubois Montage Dorian Levray &#8211; Etallonage Axell Luquet Court m\u00e9trage r\u00e9alis\u00e9 \u00e0 l\u2019occasion du concours : 48 hours films project. L&rsquo;objectif \u00e9tait d&rsquo;\u00e9crire, tourn\u00e9 et r\u00e9aliser un court m\u00e9trage de maximum 7 minutes en seulement 48H.<\/strong><\/p>\n<\/div>\n<\/div>\n<\/div>\n<\/div>\n\n\n\n<p><\/p>\n","protected":false},"excerpt":{"rendered":"<p>Un film r\u00e9alis\u00e9 par Romain Polak Op\u00e9rateurs cam\u00e9ra : Romain Polak et Doiran Levray Lumi\u00e8re : Romain Polak et Doiran Levray Son : Romain Polak et Doiran Levray Remerciements particuliers \u00e0 Sandrine Chevreau, directrice de l&rsquo;IME La Tombelle de Saint-Quentin et tout le personnel, \u00e0 l&rsquo;ACAP, P\u00f4le R\u00e9gional Image. Un film r\u00e9alis\u00e9 par Dorian Levray [&hellip;]<\/p>\n","protected":false},"author":1,"featured_media":0,"parent":0,"menu_order":0,"comment_status":"closed","ping_status":"closed","template":"","meta":{"_themeisle_gutenberg_block_has_review":false,"footnotes":""},"class_list":["post-339","page","type-page","status-publish","hentry"],"_links":{"self":[{"href":"https:\/\/www.focus-peaking.com\/index.php?rest_route=\/wp\/v2\/pages\/339","targetHints":{"allow":["GET"]}}],"collection":[{"href":"https:\/\/www.focus-peaking.com\/index.php?rest_route=\/wp\/v2\/pages"}],"about":[{"href":"https:\/\/www.focus-peaking.com\/index.php?rest_route=\/wp\/v2\/types\/page"}],"author":[{"embeddable":true,"href":"https:\/\/www.focus-peaking.com\/index.php?rest_route=\/wp\/v2\/users\/1"}],"replies":[{"embeddable":true,"href":"https:\/\/www.focus-peaking.com\/index.php?rest_route=%2Fwp%2Fv2%2Fcomments&post=339"}],"version-history":[{"count":32,"href":"https:\/\/www.focus-peaking.com\/index.php?rest_route=\/wp\/v2\/pages\/339\/revisions"}],"predecessor-version":[{"id":409,"href":"https:\/\/www.focus-peaking.com\/index.php?rest_route=\/wp\/v2\/pages\/339\/revisions\/409"}],"wp:attachment":[{"href":"https:\/\/www.focus-peaking.com\/index.php?rest_route=%2Fwp%2Fv2%2Fmedia&parent=339"}],"curies":[{"name":"wp","href":"https:\/\/api.w.org\/{rel}","templated":true}]}}