{"id":200,"date":"2024-10-24T11:34:25","date_gmt":"2024-10-24T09:34:25","guid":{"rendered":"https:\/\/www.focus-peaking.com\/?page_id=200"},"modified":"2025-10-28T21:42:02","modified_gmt":"2025-10-28T20:42:02","slug":"education-a-limage","status":"publish","type":"page","link":"https:\/\/www.focus-peaking.com\/?page_id=200","title":{"rendered":"Education \u00e0 l&rsquo;image"},"content":{"rendered":"\n<div class=\"wp-block-group alignfull has-background is-layout-flow wp-block-group-is-layout-flow\" style=\"background-color:#004cc6;padding-top:2vw;padding-right:6vw;padding-bottom:2vw;padding-left:6vw\">\n<div class=\"wp-block-group is-vertical is-nowrap is-layout-flex wp-container-core-group-is-layout-36fd9ea3 wp-block-group-is-layout-flex\" style=\"padding-right:0;padding-left:0\">\n<h6 class=\"wp-block-heading has-ti-fg-alt-color has-text-color\" id=\"ecosystem\" style=\"font-size:25px\">NOS ACTIONS<\/h6>\n\n\n\n<p class=\"has-ti-fg-alt-color has-text-color\" style=\"font-size:50px;font-style:normal;font-weight:700;letter-spacing:0px;line-height:0.9;text-decoration:none;text-transform:none\">Ateliers cin\u00e9ma et actions p\u00e9dagogiques<\/p>\n<\/div>\n\n\n\n<div class=\"wp-block-group alignwide is-vertical is-nowrap is-layout-flex wp-container-core-group-is-layout-7946b6b8 wp-block-group-is-layout-flex\" style=\"padding-top:0;padding-right:0;padding-bottom:0;padding-left:0\">\n<div class=\"wp-block-columns alignwide is-layout-flex wp-container-core-columns-is-layout-21b20327 wp-block-columns-is-layout-flex\">\n<div class=\"wp-block-column is-vertically-aligned-center is-layout-flow wp-block-column-is-layout-flow\" style=\"flex-basis:33.38%\">\n<p class=\"has-text-align-left has-ti-fg-alt-color has-text-color\" style=\"font-size:25px\">Dans le cadre de nos ateliers cin\u00e9ma, nous proposons d&rsquo;aborder l&rsquo;ensemble du processus de cr\u00e9ation d&rsquo;un court-m\u00e9trage de cin\u00e9ma : de l&rsquo;\u00e9criture du sc\u00e9nario, en<br>passant par la r\u00e9alisation du film<br>jusqu&rsquo;au montage. Nous souhaitons mettre les participants au c\u0153ur de ce processus avec un accompagnement professionnel dans un cadre s\u00e9rieux et ludique. Nos intervenants form\u00e9s \u00e0 l&rsquo;accompagnement, m\u00e8neront ces projets de r\u00e9alisation jusqu&rsquo;\u00e0 la projection collective du petit film r\u00e9alis\u00e9 !<\/p>\n<\/div>\n\n\n\n<div class=\"wp-block-column is-layout-flow wp-block-column-is-layout-flow\">\n<figure class=\"wp-block-image size-large is-resized\"><img loading=\"lazy\" decoding=\"async\" width=\"1024\" height=\"572\" src=\"http:\/\/www.focus-peaking.com\/wp-content\/uploads\/2024\/10\/3-1-1024x572.jpg\" alt=\"\" class=\"wp-image-209\" style=\"width:1089px;height:auto\" srcset=\"https:\/\/www.focus-peaking.com\/wp-content\/uploads\/2024\/10\/3-1-1024x572.jpg 1024w, https:\/\/www.focus-peaking.com\/wp-content\/uploads\/2024\/10\/3-1-300x168.jpg 300w, https:\/\/www.focus-peaking.com\/wp-content\/uploads\/2024\/10\/3-1-768x429.jpg 768w, https:\/\/www.focus-peaking.com\/wp-content\/uploads\/2024\/10\/3-1-1536x859.jpg 1536w, https:\/\/www.focus-peaking.com\/wp-content\/uploads\/2024\/10\/3-1.jpg 1830w\" sizes=\"auto, (max-width: 1024px) 100vw, 1024px\" \/><\/figure>\n<\/div>\n<\/div>\n<\/div>\n\n\n\n<div class=\"wp-block-group alignfull has-ti-fg-alt-background-color has-background is-layout-flow wp-block-group-is-layout-flow\" style=\"padding-top:var(--wp--preset--spacing--20);padding-right:var(--wp--preset--spacing--60);padding-bottom:var(--wp--preset--spacing--20);padding-left:var(--wp--preset--spacing--60)\">\n<div class=\"wp-block-columns alignwide are-vertically-aligned-center is-layout-flex wp-container-core-columns-is-layout-28f84493 wp-block-columns-is-layout-flex\">\n<div class=\"wp-block-column is-layout-flow wp-block-column-is-layout-flow\" style=\"flex-basis:50%\">\n<p class=\"has-text-color\" style=\"color:#004cc6;font-size:30px;line-height:1.1\"><strong>\u00c9criture du projet : laisser place \u00e0 l&rsquo;imagination <\/strong><\/p>\n<\/div>\n\n\n\n<div class=\"wp-block-column is-layout-flow wp-block-column-is-layout-flow\" style=\"flex-basis:50%\">\n<hr class=\"wp-block-separator has-text-color has-alpha-channel-opacity has-background is-style-wide\" style=\"background-color:#004cc6;color:#004cc6\"\/>\n<\/div>\n<\/div>\n\n\n\n<div class=\"wp-block-columns alignwide is-layout-flex wp-container-core-columns-is-layout-28f84493 wp-block-columns-is-layout-flex\">\n<div class=\"wp-block-column is-layout-flow wp-block-column-is-layout-flow\">\n<figure class=\"wp-block-image size-large\"><img loading=\"lazy\" decoding=\"async\" width=\"1024\" height=\"768\" src=\"http:\/\/www.focus-peaking.com\/wp-content\/uploads\/2024\/10\/4-1024x768.jpeg\" alt=\"\" class=\"wp-image-210\" srcset=\"https:\/\/www.focus-peaking.com\/wp-content\/uploads\/2024\/10\/4-1024x768.jpeg 1024w, https:\/\/www.focus-peaking.com\/wp-content\/uploads\/2024\/10\/4-300x225.jpeg 300w, https:\/\/www.focus-peaking.com\/wp-content\/uploads\/2024\/10\/4-768x576.jpeg 768w, https:\/\/www.focus-peaking.com\/wp-content\/uploads\/2024\/10\/4-1536x1152.jpeg 1536w, https:\/\/www.focus-peaking.com\/wp-content\/uploads\/2024\/10\/4.jpeg 2048w\" sizes=\"auto, (max-width: 1024px) 100vw, 1024px\" \/><\/figure>\n<\/div>\n\n\n\n<div class=\"wp-block-column is-layout-flow wp-block-column-is-layout-flow\">\n<p class=\"has-text-align-left has-text-color has-extra-small-font-size\" style=\"color:#004cc6\"><strong>Nous mettons un point d&rsquo;honneur \u00e0 favoriser l&rsquo;imagination des participants <\/strong>par la mise en place de temps d&rsquo;\u00e9changes et d&rsquo;\u00e9coute. <\/p>\n\n\n\n<p class=\"has-text-color has-link-color wp-elements-cc2c6c745656123bad33470da8d79692\" style=\"color:#004cc6\"><strong>Nous encourageons les participants \u00e0 porter un nouveau regard sur leur territoire et leur exp\u00e9rience, comme un champ d\u2019exploration du r\u00e9cit que nous allons cr\u00e9er. C&rsquo;est ainsi que nous parviendrons \u00e0 en r\u00e9enchantant leur r\u00e9el et construire un projet collectif et cr\u00e9atif.<\/strong><\/p>\n\n\n\n<p><\/p>\n<\/div>\n\n\n\n<div class=\"wp-block-column is-layout-flow wp-block-column-is-layout-flow\" style=\"padding-top:0;padding-bottom:0\">\n<p class=\"has-text-color has-extra-small-font-size\" style=\"color:#004cc6\"><strong>Le travail de pr\u00e9paration <\/strong>d&rsquo;un film permet la constitution d&rsquo;une \u00e9quipe o\u00f9 chacun va trouver sa place.  Nous apportons les clefs qui permettent la bonne r\u00e9daction d&rsquo;un sc\u00e9nario de film<\/p>\n\n\n\n<p class=\"has-text-color has-link-color wp-elements-351fd90613f45d456154f328fbca2248\" style=\"color:#004cc6\">Il s&rsquo;agit \u00e9galement d&rsquo;un premier contact avec le mat\u00e9riel de cin\u00e9ma.  Un rep\u00e9rage des lieux de tournage en photographie permet d&rsquo;aborder les questions de cadre et les aspects plus techniques de r\u00e9glage d&rsquo;un appareil de prise de vue. Ainsi d\u00e9bute <\/p>\n\n\n\n<p><\/p>\n\n\n\n<p>A<\/p>\n<\/div>\n<\/div>\n<\/div>\n\n\n\n<div class=\"wp-block-group alignfull has-ti-fg-alt-background-color has-background is-layout-flow wp-block-group-is-layout-flow\">\n<div class=\"wp-block-columns alignwide are-vertically-aligned-center is-layout-flex wp-container-core-columns-is-layout-28f84493 wp-block-columns-is-layout-flex\">\n<div class=\"wp-block-column is-layout-flow wp-block-column-is-layout-flow\" style=\"flex-basis:50%\">\n<p class=\"has-text-color\" style=\"color:#004cc6;font-size:30px;line-height:1.1\"><strong>R\u00e9alisation du projet : apprentissage de l&rsquo;utilisation du mat\u00e9riel cin\u00e9ma dans un travail collectif<\/strong><\/p>\n<\/div>\n\n\n\n<div class=\"wp-block-column is-layout-flow wp-block-column-is-layout-flow\" style=\"flex-basis:50%\">\n<hr class=\"wp-block-separator has-text-color has-alpha-channel-opacity has-background is-style-wide\" style=\"background-color:#004cc6;color:#004cc6\"\/>\n<\/div>\n<\/div>\n\n\n\n<div class=\"wp-block-columns alignwide is-layout-flex wp-container-core-columns-is-layout-28f84493 wp-block-columns-is-layout-flex\">\n<div class=\"wp-block-column is-layout-flow wp-block-column-is-layout-flow\">\n<p class=\"has-text-align-left has-text-color has-extra-small-font-size\" style=\"color:#004cc6\"><strong>Dans nos ateliers nous utilisons un mat\u00e9riel de cin\u00e9ma professionnel en formant les participants \u00e0 l&rsquo;ensemble des m\u00e9tiers du cin\u00e9ma (les m\u00e9tiers du son et de l&rsquo;image, de l&rsquo;\u00e9clairage, du d\u00e9cor et costume \u2026) dans un cadre de travail ludique et s\u00e9rieux.<\/strong> Avec notre accompagnement bienveillant, l&rsquo;\u00e9quipe se lance dans l&rsquo;aventure de r\u00e9alisation d&rsquo;un film de <br>A \u00e0 Z ! <\/p>\n<\/div>\n\n\n\n<div class=\"wp-block-column is-layout-flow wp-block-column-is-layout-flow\">\n<p class=\"has-text-color has-extra-small-font-size\" style=\"color:#004cc6\"><strong>Notre association propose l\u2019accompagnement des participants avec des professionnels exp\u00e9riment\u00e9s et p\u00e9dagogues.<\/strong><\/p>\n\n\n\n<p class=\"has-text-color has-extra-small-font-size\" style=\"color:#004cc6\">Nous apportons l&rsquo;ensemble du mat\u00e9riel n\u00e9cessaire \u00e0 l&rsquo;atelier : cam\u00e9ra, \u00e9clairage, micro ! Et l&rsquo;outil star des ateliers : le clap de cin\u00e9ma !<\/p>\n<\/div>\n\n\n\n<div class=\"wp-block-column is-layout-flow wp-block-column-is-layout-flow\">\n<figure class=\"wp-block-image size-large\"><img loading=\"lazy\" decoding=\"async\" width=\"1024\" height=\"572\" src=\"http:\/\/www.focus-peaking.com\/wp-content\/uploads\/2024\/10\/2-1-1024x572.jpg\" alt=\"\" class=\"wp-image-208\" srcset=\"https:\/\/www.focus-peaking.com\/wp-content\/uploads\/2024\/10\/2-1-1024x572.jpg 1024w, https:\/\/www.focus-peaking.com\/wp-content\/uploads\/2024\/10\/2-1-300x168.jpg 300w, https:\/\/www.focus-peaking.com\/wp-content\/uploads\/2024\/10\/2-1-768x429.jpg 768w, https:\/\/www.focus-peaking.com\/wp-content\/uploads\/2024\/10\/2-1-1536x858.jpg 1536w, https:\/\/www.focus-peaking.com\/wp-content\/uploads\/2024\/10\/2-1.jpg 1828w\" sizes=\"auto, (max-width: 1024px) 100vw, 1024px\" \/><\/figure>\n<\/div>\n<\/div>\n<\/div>\n\n\n\n<div class=\"wp-block-group alignfull has-ti-fg-alt-background-color has-background is-layout-flow wp-block-group-is-layout-flow\">\n<div class=\"wp-block-columns alignwide are-vertically-aligned-center is-layout-flex wp-container-core-columns-is-layout-28f84493 wp-block-columns-is-layout-flex\">\n<div class=\"wp-block-column is-layout-flow wp-block-column-is-layout-flow\" style=\"flex-basis:50%\">\n<p class=\"has-text-color\" style=\"color:#004cc6;font-size:30px;line-height:1.1\"><strong>Valorisation du projet : projeter le film et encourager la parole des participants<\/strong><\/p>\n<\/div>\n\n\n\n<div class=\"wp-block-column is-layout-flow wp-block-column-is-layout-flow\" style=\"flex-basis:50%\">\n<hr class=\"wp-block-separator has-text-color has-alpha-channel-opacity has-background is-style-wide\" style=\"background-color:#004cc6;color:#004cc6\"\/>\n<\/div>\n<\/div>\n\n\n\n<div class=\"wp-block-columns alignwide is-layout-flex wp-container-core-columns-is-layout-28f84493 wp-block-columns-is-layout-flex\">\n<div class=\"wp-block-column is-layout-flow wp-block-column-is-layout-flow\">\n<p class=\"has-text-align-left has-text-color has-extra-small-font-size\" style=\"color:#004cc6\"><strong>Nous mettons un point d&rsquo;honneur \u00e0 finaliser nos ateliers par la valorisation du film r\u00e9alis\u00e9 par l&rsquo;\u00e9quipe. <\/strong>C&rsquo;est un moment magique qui permet de montrer sur ce travail collectif sur grand \u00e9cran ! Ainsi, nous recherchons des partenaires ( salle de cin\u00e9ma, salle culturelle &#8230; ) afin de finaliser cette aventure par un moment festif et de partage, permettant la prise de parole et le t\u00e9moignage des participants <\/p>\n<\/div>\n\n\n\n<div class=\"wp-block-column is-layout-flow wp-block-column-is-layout-flow\">\n<figure class=\"wp-block-image size-large\"><img loading=\"lazy\" decoding=\"async\" width=\"1024\" height=\"576\" src=\"http:\/\/www.focus-peaking.com\/wp-content\/uploads\/2025\/09\/524351059_10163310830329427_6145144802873605920_n-1024x576.jpg\" alt=\"\" class=\"wp-image-425\" srcset=\"https:\/\/www.focus-peaking.com\/wp-content\/uploads\/2025\/09\/524351059_10163310830329427_6145144802873605920_n-1024x576.jpg 1024w, https:\/\/www.focus-peaking.com\/wp-content\/uploads\/2025\/09\/524351059_10163310830329427_6145144802873605920_n-300x169.jpg 300w, https:\/\/www.focus-peaking.com\/wp-content\/uploads\/2025\/09\/524351059_10163310830329427_6145144802873605920_n-768x432.jpg 768w, https:\/\/www.focus-peaking.com\/wp-content\/uploads\/2025\/09\/524351059_10163310830329427_6145144802873605920_n-1536x864.jpg 1536w, https:\/\/www.focus-peaking.com\/wp-content\/uploads\/2025\/09\/524351059_10163310830329427_6145144802873605920_n.jpg 2048w\" sizes=\"auto, (max-width: 1024px) 100vw, 1024px\" \/><\/figure>\n<\/div>\n\n\n\n<div class=\"wp-block-column is-layout-flow wp-block-column-is-layout-flow\">\n<p class=\"has-text-color has-extra-small-font-size\" style=\"color:#004cc6\"><strong>Nos partenaires de diffusion : <\/strong><\/p>\n\n\n\n<ul class=\"wp-block-list\">\n<li class=\"has-text-color has-link-color wp-elements-6e97a0bf88f444cfedcae1cd8b92e088\" style=\"color:#004cc6\">Le cin\u00e9ma CGR de Saint &#8211; Quentin<\/li>\n\n\n\n<li class=\"has-text-color has-link-color wp-elements-ea203594903f2ff8683a77bfe0a79295\" style=\"color:#004cc6\">L&rsquo;ACAP P\u00f4le R\u00e9gional Image<\/li>\n\n\n\n<li class=\"has-text-color has-link-color wp-elements-fc3f3e76fac9889b14ed2e052d653345\" style=\"color:#004cc6\">Le cin\u00e9ma PAX de Quend Plage les Pins<\/li>\n\n\n\n<li class=\"has-text-color has-link-color wp-elements-62fd6b733848d758e8b1aebc90739e72\" style=\"color:#004cc6\">Et de nombreuses salles de cin\u00e9ma et culturelles dans toute la r\u00e9gion Hauts-de-France<\/li>\n<\/ul>\n<\/div>\n<\/div>\n\n\n\n<div style=\"height:40px\" aria-hidden=\"true\" class=\"wp-block-spacer\"><\/div>\n<\/div>\n\n\n\n<div class=\"wp-block-group alignfull has-ti-fg-alt-background-color has-background is-layout-flow wp-block-group-is-layout-flow\">\n<figure class=\"wp-block-embed aligncenter is-type-video is-provider-youtube wp-block-embed-youtube wp-embed-aspect-16-9 wp-has-aspect-ratio\" style=\"margin-top:0;margin-bottom:0\"><div class=\"wp-block-embed__wrapper\">\n<iframe loading=\"lazy\" title=\"Atelier Cin\u00e9ma Passeurs d&#039;Images 2024\" width=\"500\" height=\"281\" src=\"https:\/\/www.youtube.com\/embed\/dsOKRb886eg?feature=oembed\" frameborder=\"0\" allow=\"accelerometer; autoplay; clipboard-write; encrypted-media; gyroscope; picture-in-picture; web-share\" referrerpolicy=\"strict-origin-when-cross-origin\" allowfullscreen><\/iframe>\n<\/div><figcaption class=\"wp-element-caption\"><strong>Atelier Cin\u00e9ma Passeurs d&rsquo;Images 2024<\/strong><\/figcaption><\/figure>\n<\/div>\n\n\n\n<div class=\"wp-block-group alignfull has-ti-fg-alt-background-color has-background is-layout-flow wp-block-group-is-layout-flow\">\n<div class=\"wp-block-columns alignwide are-vertically-aligned-center is-layout-flex wp-container-core-columns-is-layout-28f84493 wp-block-columns-is-layout-flex\">\n<div class=\"wp-block-column is-layout-flow wp-block-column-is-layout-flow\" style=\"flex-basis:50%\">\n<p class=\"has-text-color\" style=\"color:#004cc6;font-size:30px;line-height:1.1\"><strong>Nos actions de pratiques artistiques et culturels en 2024-2025<\/strong><\/p>\n<\/div>\n\n\n\n<div class=\"wp-block-column is-layout-flow wp-block-column-is-layout-flow\" style=\"flex-basis:50%\">\n<hr class=\"wp-block-separator has-text-color has-alpha-channel-opacity has-background is-style-wide\" style=\"background-color:#004cc6;color:#004cc6\"\/>\n<\/div>\n<\/div>\n\n\n\n<div class=\"wp-block-columns alignwide is-layout-flex wp-container-core-columns-is-layout-28f84493 wp-block-columns-is-layout-flex\">\n<div class=\"wp-block-column is-layout-flow wp-block-column-is-layout-flow\">\n<p class=\"has-text-align-left has-text-color has-extra-small-font-size\" style=\"color:#004cc6\"><strong>Nous avons r\u00e9alis\u00e9 de nombreuses actions d&rsquo;\u00e9ducation artistique et culturelle depuis la cr\u00e9ation de notre association.<\/strong><br>Retrouvez le travail de notre \u00e9quipe avec de nombreux enfants de la r\u00e9gion Hauts-de-France sur notre cha\u00eene YouTube en <a href=\"http:\/\/www.youtube.com\/@FocusPeakingAssociation\">cliquant ici<\/a> ! Section Actions P\u00e9dagogiques.<br> &#8211; <strong>PAC 80 2025 &#8211; Coll\u00e8ge Jean-Marc Laurent \/  Passeurs d&rsquo;Images 2025 &#8211; IME Saint-Quentin \/ Cit\u00e9 \u00e9ducative 2025 &#8211; Coll\u00e8ge Marthe Lef\u00e8vre Saint-Quentin<\/strong> &#8211;<\/p>\n<\/div>\n<\/div>\n\n\n\n<div id=\"wp-block-themeisle-blocks-slider-46588b6e\" class=\"wp-block-themeisle-blocks-slider glide\" data-per-view=\"1\" data-gap=\"0\" data-peek=\"0\" data-autoplay=\"true\" data-height=\"700px\" data-hide-arrows=\"false\"><div class=\"glide__track\" data-glide-el=\"track\"><div class=\"glide__slides\"><div class=\"wp-block-themeisle-blocks-slider-item-wrapper glide__slide\" tabindex=\"0\"><figure><img decoding=\"async\" class=\"wp-block-themeisle-blocks-slider-item\" src=\"http:\/\/www.focus-peaking.com\/wp-content\/uploads\/2025\/10\/6.jpg\" alt=\"\" title=\"\" data-id=\"431\"\/><figcaption>PAC 80 2025 &#8211; Coll\u00e8ge Jean-Marc Laurent<\/figcaption><\/figure><\/div><div class=\"wp-block-themeisle-blocks-slider-item-wrapper glide__slide\" tabindex=\"0\"><figure><img decoding=\"async\" class=\"wp-block-themeisle-blocks-slider-item\" src=\"http:\/\/www.focus-peaking.com\/wp-content\/uploads\/2025\/10\/7.jpg\" alt=\"\" title=\"\" data-id=\"433\"\/><figcaption>PAC 80 2025 &#8211; Coll\u00e8ge Jean-Marc Laurent<\/figcaption><\/figure><\/div><div class=\"wp-block-themeisle-blocks-slider-item-wrapper glide__slide\" tabindex=\"0\"><figure><img decoding=\"async\" class=\"wp-block-themeisle-blocks-slider-item\" src=\"http:\/\/www.focus-peaking.com\/wp-content\/uploads\/2025\/10\/8EDUC.jpg\" alt=\"\" title=\"\" data-id=\"434\"\/><figcaption>PAC 80 2025 &#8211; Coll\u00e8ge Jean-Marc Laurent<\/figcaption><\/figure><\/div><div class=\"wp-block-themeisle-blocks-slider-item-wrapper glide__slide\" tabindex=\"0\"><figure><img decoding=\"async\" class=\"wp-block-themeisle-blocks-slider-item\" src=\"http:\/\/www.focus-peaking.com\/wp-content\/uploads\/2025\/10\/IMG_5408.jpeg\" alt=\"\" title=\"\" data-id=\"446\"\/><figcaption>Cit\u00e9 \u00e9ducative 2025 &#8211; Coll\u00e8ge Marthe Lef\u00e8vre Saint-Quentin<\/figcaption><\/figure><\/div><div class=\"wp-block-themeisle-blocks-slider-item-wrapper glide__slide\" tabindex=\"0\"><figure><img decoding=\"async\" class=\"wp-block-themeisle-blocks-slider-item\" src=\"http:\/\/www.focus-peaking.com\/wp-content\/uploads\/2025\/10\/IMG_5405.jpeg\" alt=\"\" title=\"\" data-id=\"445\"\/><figcaption>Cit\u00e9 \u00e9ducative 2025 &#8211; Coll\u00e8ge Marthe Lef\u00e8vre Saint-Quentin<\/figcaption><\/figure><\/div><div class=\"wp-block-themeisle-blocks-slider-item-wrapper glide__slide\" tabindex=\"0\"><figure><img decoding=\"async\" class=\"wp-block-themeisle-blocks-slider-item\" src=\"http:\/\/www.focus-peaking.com\/wp-content\/uploads\/2025\/10\/IMG_5415.jpeg\" alt=\"\" title=\"\" data-id=\"444\"\/><figcaption>Cit\u00e9 \u00e9ducative 2025 &#8211; Coll\u00e8ge Marthe Lef\u00e8vre Saint-Quentin<\/figcaption><\/figure><\/div><div class=\"wp-block-themeisle-blocks-slider-item-wrapper glide__slide\" tabindex=\"0\"><figure><img decoding=\"async\" class=\"wp-block-themeisle-blocks-slider-item\" src=\"http:\/\/www.focus-peaking.com\/wp-content\/uploads\/2025\/10\/IMG_5453-e1761683452456.jpeg\" alt=\"\" title=\"\" data-id=\"443\"\/><figcaption>Cit\u00e9 \u00e9ducative 2025 &#8211; Coll\u00e8ge Marthe Lef\u00e8vre Saint-Quentin<\/figcaption><\/figure><\/div><div class=\"wp-block-themeisle-blocks-slider-item-wrapper glide__slide\" tabindex=\"0\"><figure><img decoding=\"async\" class=\"wp-block-themeisle-blocks-slider-item\" src=\"http:\/\/www.focus-peaking.com\/wp-content\/uploads\/2025\/10\/IMG_4342.jpeg\" alt=\"\" title=\"\" data-id=\"451\"\/><figcaption>Passeurs D&rsquo;Imlages 2025 &#8211; IME Saint-Quentin<\/figcaption><\/figure><\/div><div class=\"wp-block-themeisle-blocks-slider-item-wrapper glide__slide\" tabindex=\"0\"><figure><img decoding=\"async\" class=\"wp-block-themeisle-blocks-slider-item\" src=\"http:\/\/www.focus-peaking.com\/wp-content\/uploads\/2025\/10\/IMG_4325.jpeg\" alt=\"\" title=\"\" data-id=\"452\"\/><figcaption>Passeurs D&rsquo;Imlages 2025 &#8211; IME Saint-Quentin<\/figcaption><\/figure><\/div><\/div><div class=\"glide__bullets\" data-glide-el=\"controls[nav]\"><button class=\"glide__bullet\" data-glide-dir=\"=0\"><\/button><button class=\"glide__bullet\" data-glide-dir=\"=1\"><\/button><button class=\"glide__bullet\" data-glide-dir=\"=2\"><\/button><button class=\"glide__bullet\" data-glide-dir=\"=3\"><\/button><button class=\"glide__bullet\" data-glide-dir=\"=4\"><\/button><button class=\"glide__bullet\" data-glide-dir=\"=5\"><\/button><button class=\"glide__bullet\" data-glide-dir=\"=6\"><\/button><button class=\"glide__bullet\" data-glide-dir=\"=7\"><\/button><button class=\"glide__bullet\" data-glide-dir=\"=8\"><\/button><\/div><\/div><\/div>\n\n\n\n<div style=\"height:40px\" aria-hidden=\"true\" class=\"wp-block-spacer\"><\/div>\n<\/div>\n\n\n\n<div class=\"wp-block-group alignfull has-ti-fg-alt-background-color has-background is-layout-flow wp-block-group-is-layout-flow\">\n<div class=\"wp-block-columns alignwide are-vertically-aligned-center is-layout-flex wp-container-core-columns-is-layout-28f84493 wp-block-columns-is-layout-flex\">\n<div class=\"wp-block-column is-layout-flow wp-block-column-is-layout-flow\" style=\"flex-basis:50%\">\n<p class=\"has-text-color\" style=\"color:#004cc6;font-size:30px;line-height:1.1\"><strong>NOUS CONTACTER POUR UN ATELIER<\/strong><\/p>\n<\/div>\n\n\n\n<div class=\"wp-block-column is-layout-flow wp-block-column-is-layout-flow\" style=\"flex-basis:50%\">\n<hr class=\"wp-block-separator has-text-color has-alpha-channel-opacity has-background is-style-wide\" style=\"background-color:#004cc6;color:#004cc6\"\/>\n<\/div>\n<\/div>\n\n\n\n<div class=\"wp-block-columns alignwide is-layout-flex wp-container-core-columns-is-layout-28f84493 wp-block-columns-is-layout-flex\">\n<div class=\"wp-block-column is-layout-flow wp-block-column-is-layout-flow\">\n<figure class=\"wp-block-image alignleft size-large is-resized\"><img loading=\"lazy\" decoding=\"async\" width=\"1024\" height=\"473\" src=\"http:\/\/www.focus-peaking.com\/wp-content\/uploads\/2024\/10\/LOGO-FC-2-1024x473.png\" alt=\"\" class=\"wp-image-19\" style=\"width:440px;height:auto\" srcset=\"https:\/\/www.focus-peaking.com\/wp-content\/uploads\/2024\/10\/LOGO-FC-2-1024x473.png 1024w, https:\/\/www.focus-peaking.com\/wp-content\/uploads\/2024\/10\/LOGO-FC-2-300x138.png 300w, https:\/\/www.focus-peaking.com\/wp-content\/uploads\/2024\/10\/LOGO-FC-2-768x355.png 768w, https:\/\/www.focus-peaking.com\/wp-content\/uploads\/2024\/10\/LOGO-FC-2-1536x709.png 1536w, https:\/\/www.focus-peaking.com\/wp-content\/uploads\/2024\/10\/LOGO-FC-2-2048x945.png 2048w\" sizes=\"auto, (max-width: 1024px) 100vw, 1024px\" \/><\/figure>\n<\/div>\n\n\n\n<div class=\"wp-block-column is-layout-flow wp-block-column-is-layout-flow\">\n<p class=\"has-text-align-left has-text-color\" style=\"color:#004cc6;font-size:30px\"><strong>Mail : contact.focuspeaking@gmail.com<\/strong><\/p>\n\n\n\n<p class=\"has-text-color has-link-color wp-elements-2d6c813d25a151de715e2594d6046178\" style=\"color:#004cc6;font-size:30px\"><strong>T\u00e9l\u00e9phone : 06 37 21 66 65<\/strong><\/p>\n<\/div>\n<\/div>\n\n\n\n<div style=\"height:40px\" aria-hidden=\"true\" class=\"wp-block-spacer\"><\/div>\n<\/div>\n<\/div>\n\n\n\n<p><\/p>\n","protected":false},"excerpt":{"rendered":"<p>NOS ACTIONS Ateliers cin\u00e9ma et actions p\u00e9dagogiques Dans le cadre de nos ateliers cin\u00e9ma, nous proposons d&rsquo;aborder l&rsquo;ensemble du processus de cr\u00e9ation d&rsquo;un court-m\u00e9trage de cin\u00e9ma : de l&rsquo;\u00e9criture du sc\u00e9nario, enpassant par la r\u00e9alisation du filmjusqu&rsquo;au montage. Nous souhaitons mettre les participants au c\u0153ur de ce processus avec un accompagnement professionnel dans un cadre [&hellip;]<\/p>\n","protected":false},"author":1,"featured_media":0,"parent":0,"menu_order":0,"comment_status":"closed","ping_status":"closed","template":"","meta":{"_themeisle_gutenberg_block_has_review":false,"footnotes":""},"class_list":["post-200","page","type-page","status-publish","hentry"],"_links":{"self":[{"href":"https:\/\/www.focus-peaking.com\/index.php?rest_route=\/wp\/v2\/pages\/200","targetHints":{"allow":["GET"]}}],"collection":[{"href":"https:\/\/www.focus-peaking.com\/index.php?rest_route=\/wp\/v2\/pages"}],"about":[{"href":"https:\/\/www.focus-peaking.com\/index.php?rest_route=\/wp\/v2\/types\/page"}],"author":[{"embeddable":true,"href":"https:\/\/www.focus-peaking.com\/index.php?rest_route=\/wp\/v2\/users\/1"}],"replies":[{"embeddable":true,"href":"https:\/\/www.focus-peaking.com\/index.php?rest_route=%2Fwp%2Fv2%2Fcomments&post=200"}],"version-history":[{"count":57,"href":"https:\/\/www.focus-peaking.com\/index.php?rest_route=\/wp\/v2\/pages\/200\/revisions"}],"predecessor-version":[{"id":456,"href":"https:\/\/www.focus-peaking.com\/index.php?rest_route=\/wp\/v2\/pages\/200\/revisions\/456"}],"wp:attachment":[{"href":"https:\/\/www.focus-peaking.com\/index.php?rest_route=%2Fwp%2Fv2%2Fmedia&parent=200"}],"curies":[{"name":"wp","href":"https:\/\/api.w.org\/{rel}","templated":true}]}}